{"id":366,"date":"2017-08-09T11:32:07","date_gmt":"2017-08-09T11:32:07","guid":{"rendered":"https:\/\/conaculserghiescu.ro\/?page_id=366"},"modified":"2023-10-18T09:16:46","modified_gmt":"2023-10-18T09:16:46","slug":"acasa","status":"publish","type":"page","link":"https:\/\/conaculserghiescu.ro\/en\/","title":{"rendered":"About Conacul Serghiescu"},"content":{"rendered":"<p>[et_pb_section fb_built=&#8221;1&#8243; fullwidth=&#8221;on&#8221; _builder_version=&#8221;4.16&#8243; _module_preset=&#8221;default&#8221; global_colors_info=&#8221;{}&#8221;][et_pb_fullwidth_slider show_pagination=&#8221;off&#8221; _builder_version=&#8221;4.22.2&#8243; _module_preset=&#8221;default&#8221; header_font_size=&#8221;60px&#8221; min_height=&#8221;600px&#8221; custom_margin=&#8221;||-2px|||&#8221; auto=&#8221;on&#8221; auto_speed=&#8221;4000&#8243; hover_enabled=&#8221;0&#8243; global_colors_info=&#8221;{}&#8221; sticky_enabled=&#8221;0&#8243;][et_pb_slide heading=&#8221;Let us host your special event &#8221; button_link=&#8221;\/en\/events\/&#8221; _builder_version=&#8221;4.22.2&#8243; _module_preset=&#8221;default&#8221; background_enable_color=&#8221;off&#8221; background_image=&#8221;https:\/\/conaculserghiescu.ro\/wp-content\/uploads\/2023\/10\/hp1.jpg&#8221; background_enable_image=&#8221;on&#8221; hover_enabled=&#8221;0&#8243; global_colors_info=&#8221;{}&#8221; sticky_transition=&#8221;on&#8221; title_text=&#8221;hp1&#8243; sticky_enabled=&#8221;0&#8243;][\/et_pb_slide][et_pb_slide heading=&#8221;Discover Conacul Serghiescu&#8221; button_link=&#8221;\/en\/estate\/&#8221; _builder_version=&#8221;4.16&#8243; _module_preset=&#8221;default&#8221; background_enable_color=&#8221;off&#8221; background_image=&#8221;https:\/\/conaculserghiescu.ro\/wp-content\/uploads\/2022\/03\/20210918_1731452.jpg&#8221; background_enable_image=&#8221;on&#8221; global_colors_info=&#8221;{}&#8221; sticky_transition=&#8221;on&#8221;][\/et_pb_slide][et_pb_slide heading=&#8221;Your wedding Conacul Serghiescu&#8221; button_link=&#8221;\/en\/events\/weddings\/&#8221; _builder_version=&#8221;4.16&#8243; _module_preset=&#8221;default&#8221; background_enable_color=&#8221;off&#8221; background_image=&#8221;https:\/\/conaculserghiescu.ro\/wp-content\/uploads\/2022\/03\/Roberta-Razvan-746-of-1484.jpg&#8221; background_enable_image=&#8221;on&#8221; global_colors_info=&#8221;{}&#8221; sticky_transition=&#8221;on&#8221;][\/et_pb_slide][\/et_pb_fullwidth_slider][\/et_pb_section][et_pb_section fb_built=&#8221;1&#8243; _builder_version=&#8221;4.16&#8243; global_colors_info=&#8221;{}&#8221;][et_pb_row _builder_version=&#8221;4.16&#8243; background_size=&#8221;initial&#8221; background_position=&#8221;top_left&#8221; background_repeat=&#8221;repeat&#8221; width=&#8221;60%&#8221; max_width=&#8221;100%&#8221; custom_margin=&#8221;28px|auto||auto||&#8221; use_custom_width=&#8221;on&#8221; width_unit=&#8221;off&#8221; custom_width_percent=&#8221;46%&#8221; global_colors_info=&#8221;{}&#8221;][et_pb_column type=&#8221;4_4&#8243; _builder_version=&#8221;4.16&#8243; background_position=&#8221;top_left&#8221; custom_padding=&#8221;|||&#8221; global_colors_info=&#8221;{}&#8221; custom_padding__hover=&#8221;|||&#8221;][et_pb_text admin_label=&#8221;Conacul Serghiescu&#8221; _builder_version=&#8221;4.16&#8243; text_orientation=&#8221;center&#8221; module_alignment=&#8221;center&#8221; global_colors_info=&#8221;{}&#8221;]<\/p>\n<h2>Welcome to<\/h2>\n<h3>Conacul Serghiescu<\/h3>\n<p>You are in the perfect place if you dream of an outdoor holiday-like wedding, an al fresco baptism or simply another relaxed garden party, immersed in nature.<\/p>\n<p>We are 35 km away from Bucharest, on a private property of almost 1 hectare with gardens, wooden gazebos, chilling areas and an authentic 19th century manor. Our little domain is dedicated to outdoor private parties. We know that privacy is very important, so you\u2019ll benefit from exclusivity for your event on the entire property.<\/p>\n<p>[\/et_pb_text][et_pb_button button_url=&#8221;\/en\/contact\/&#8221; button_text=&#8221;Let\u2019s schedule a visit&#8221; button_alignment=&#8221;center&#8221; _builder_version=&#8221;4.16&#8243; _module_preset=&#8221;default&#8221; custom_margin=&#8221;0px|0px|0px|0px|true|true&#8221; custom_padding=&#8221;0px|0px|0px|0px|true|true&#8221; global_colors_info=&#8221;{}&#8221;][\/et_pb_button][\/et_pb_column][\/et_pb_row][et_pb_row module_class=&#8221; et_pb_row_fullwidth&#8221; _builder_version=&#8221;4.16&#8243; width=&#8221;94%&#8221; width_tablet=&#8221;80%&#8221; width_phone=&#8221;&#8221; width_last_edited=&#8221;on|desktop&#8221; max_width=&#8221;94%&#8221; max_width_tablet=&#8221;80%&#8221; max_width_phone=&#8221;&#8221; max_width_last_edited=&#8221;on|desktop&#8221; make_fullwidth=&#8221;on&#8221; width_unit=&#8221;off&#8221; custom_width_percent=&#8221;100%&#8221; global_colors_info=&#8221;{}&#8221;][et_pb_column type=&#8221;4_4&#8243; _builder_version=&#8221;4.16&#8243; background_position=&#8221;top_left&#8221; custom_padding=&#8221;|||&#8221; global_colors_info=&#8221;{}&#8221; custom_padding__hover=&#8221;|||&#8221;][et_pb_text admin_label=&#8221;Galerie&#8221; _builder_version=&#8221;4.16&#8243; global_colors_info=&#8221;{}&#8221;]\n\t\t<style type=\"text\/css\">\n\t\t\t#gallery-1 {\n\t\t\t\tmargin: auto;\n\t\t\t}\n\t\t\t#gallery-1 .gallery-item {\n\t\t\t\tfloat: left;\n\t\t\t\tmargin-top: 10px;\n\t\t\t\ttext-align: center;\n\t\t\t\twidth: 33%;\n\t\t\t}\n\t\t\t#gallery-1 img {\n\t\t\t\tborder: 2px solid #cfcfcf;\n\t\t\t}\n\t\t\t#gallery-1 .gallery-caption {\n\t\t\t\tmargin-left: 0;\n\t\t\t}\n\t\t\t\/* see gallery_shortcode() in wp-includes\/media.php *\/\n\t\t<\/style>\n\t\t<div id='gallery-1' class='gallery galleryid-366 gallery-columns-3 gallery-size-thumbnail'><dl class='gallery-item'>\n\t\t\t<dt class='gallery-icon landscape'>\n\t\t\t\t<a href='https:\/\/conaculserghiescu.ro\/en\/despre02-2\/'><img loading=\"lazy\" decoding=\"async\" width=\"150\" height=\"150\" src=\"https:\/\/conaculserghiescu.ro\/wp-content\/uploads\/2022\/03\/despre02-150x150.jpg\" class=\"attachment-thumbnail size-thumbnail\" alt=\"\" \/><\/a>\n\t\t\t<\/dt><\/dl><dl class='gallery-item'>\n\t\t\t<dt class='gallery-icon landscape'>\n\t\t\t\t<a href='https:\/\/conaculserghiescu.ro\/en\/despre04-2\/'><img loading=\"lazy\" decoding=\"async\" width=\"150\" height=\"150\" src=\"https:\/\/conaculserghiescu.ro\/wp-content\/uploads\/2022\/03\/despre04-150x150.jpg\" class=\"attachment-thumbnail size-thumbnail\" alt=\"corporate in natura relaxat si creativ langa bucuresti\" \/><\/a>\n\t\t\t<\/dt><\/dl><dl class='gallery-item'>\n\t\t\t<dt class='gallery-icon landscape'>\n\t\t\t\t<a href='https:\/\/conaculserghiescu.ro\/en\/20190506_124803-2\/'><img loading=\"lazy\" decoding=\"async\" width=\"150\" height=\"150\" src=\"https:\/\/conaculserghiescu.ro\/wp-content\/uploads\/2022\/03\/20190506_124803-150x150.jpg\" class=\"attachment-thumbnail size-thumbnail\" alt=\"\" \/><\/a>\n\t\t\t<\/dt><\/dl><br style=\"clear: both\" \/><dl class='gallery-item'>\n\t\t\t<dt class='gallery-icon landscape'>\n\t\t\t\t<a href='https:\/\/conaculserghiescu.ro\/en\/20190907_140647-2\/'><img loading=\"lazy\" decoding=\"async\" width=\"150\" height=\"150\" src=\"https:\/\/conaculserghiescu.ro\/wp-content\/uploads\/2022\/03\/20190907_140647-150x150.jpg\" class=\"attachment-thumbnail size-thumbnail\" alt=\"\" \/><\/a>\n\t\t\t<\/dt><\/dl>\n\t\t\t<br style='clear: both' \/>\n\t\t<\/div>\n[\/et_pb_text][\/et_pb_column][\/et_pb_row][\/et_pb_section][et_pb_section fb_built=&#8221;1&#8243; _builder_version=&#8221;4.16&#8243; _module_preset=&#8221;default&#8221; global_colors_info=&#8221;{}&#8221;][et_pb_row column_structure=&#8221;1_5,1_5,1_5,1_5,1_5&#8243; _builder_version=&#8221;4.16&#8243; _module_preset=&#8221;default&#8221; width=&#8221;94%&#8221; max_width=&#8221;94%&#8221; global_colors_info=&#8221;{}&#8221;][et_pb_column type=&#8221;1_5&#8243; _builder_version=&#8221;4.16&#8243; _module_preset=&#8221;default&#8221; global_colors_info=&#8221;{}&#8221;][et_pb_blurb title=&#8221;The WedBarn&#8221; url=&#8221;\/en\/wedbarn\/&#8221; image=&#8221;https:\/\/conaculserghiescu.ro\/wp-content\/uploads\/2022\/03\/hambar1.jpg&#8221; _builder_version=&#8221;4.16&#8243; _module_preset=&#8221;default&#8221; header_level=&#8221;h3&#8243; header_text_align=&#8221;center&#8221; box_shadow_style_image=&#8221;preset1&#8243; global_colors_info=&#8221;{}&#8221;][\/et_pb_blurb][\/et_pb_column][et_pb_column type=&#8221;1_5&#8243; _builder_version=&#8221;4.16&#8243; _module_preset=&#8221;default&#8221; global_colors_info=&#8221;{}&#8221;][et_pb_blurb title=&#8221;The manor&#8221; url=&#8221;\/en\/mansion\/&#8221; image=&#8221;https:\/\/conaculserghiescu.ro\/wp-content\/uploads\/2022\/03\/conac12.jpg&#8221; _builder_version=&#8221;4.16&#8243; _module_preset=&#8221;default&#8221; header_level=&#8221;h3&#8243; header_text_align=&#8221;center&#8221; box_shadow_style_image=&#8221;preset1&#8243; global_colors_info=&#8221;{}&#8221;][\/et_pb_blurb][\/et_pb_column][et_pb_column type=&#8221;1_5&#8243; _builder_version=&#8221;4.16&#8243; _module_preset=&#8221;default&#8221; global_colors_info=&#8221;{}&#8221;][et_pb_blurb title=&#8221;Terrarium&#8221; url=&#8221;\/en\/terrarium\/&#8221; image=&#8221;https:\/\/conaculserghiescu.ro\/wp-content\/uploads\/2022\/03\/terrarium17.jpg&#8221; _builder_version=&#8221;4.16&#8243; _module_preset=&#8221;default&#8221; header_level=&#8221;h3&#8243; header_text_align=&#8221;center&#8221; box_shadow_style_image=&#8221;preset1&#8243; global_colors_info=&#8221;{}&#8221;][\/et_pb_blurb][\/et_pb_column][et_pb_column type=&#8221;1_5&#8243; _builder_version=&#8221;4.16&#8243; _module_preset=&#8221;default&#8221; global_colors_info=&#8221;{}&#8221;][et_pb_blurb title=&#8221;The Garden&#8221; url=&#8221;\/en\/garden\/&#8221; image=&#8221;https:\/\/conaculserghiescu.ro\/wp-content\/uploads\/2022\/03\/gradina10.jpg&#8221; _builder_version=&#8221;4.16&#8243; _module_preset=&#8221;default&#8221; header_level=&#8221;h3&#8243; header_text_align=&#8221;center&#8221; box_shadow_style_image=&#8221;preset1&#8243; global_colors_info=&#8221;{}&#8221;][\/et_pb_blurb][\/et_pb_column][et_pb_column type=&#8221;1_5&#8243; _builder_version=&#8221;4.16&#8243; _module_preset=&#8221;default&#8221; global_colors_info=&#8221;{}&#8221;][et_pb_blurb title=&#8221;Surroundings&#8221; url=&#8221;\/en\/surroundings\/&#8221; image=&#8221;https:\/\/conaculserghiescu.ro\/wp-content\/uploads\/2022\/03\/inprejurimi.jpg&#8221; _builder_version=&#8221;4.16&#8243; _module_preset=&#8221;default&#8221; header_level=&#8221;h3&#8243; header_text_align=&#8221;center&#8221; box_shadow_style_image=&#8221;preset1&#8243; global_colors_info=&#8221;{}&#8221;][\/et_pb_blurb][\/et_pb_column][\/et_pb_row][\/et_pb_section][et_pb_section fb_built=&#8221;1&#8243; _builder_version=&#8221;4.16&#8243; global_colors_info=&#8221;{}&#8221;][et_pb_row column_structure=&#8221;1_2,1_2&#8243; make_equal=&#8221;on&#8221; _builder_version=&#8221;4.16&#8243; background_size=&#8221;initial&#8221; background_position=&#8221;top_left&#8221; background_repeat=&#8221;repeat&#8221; width=&#8221;60%&#8221; max_width=&#8221;60%&#8221; use_custom_width=&#8221;on&#8221; width_unit=&#8221;off&#8221; custom_width_percent=&#8221;46%&#8221; global_colors_info=&#8221;{}&#8221;][et_pb_column type=&#8221;1_2&#8243; _builder_version=&#8221;4.16&#8243; background_position=&#8221;top_left&#8221; custom_padding=&#8221;|||&#8221; global_colors_info=&#8221;{}&#8221; custom_padding__hover=&#8221;|||&#8221;][et_pb_divider show_divider=&#8221;off&#8221; _builder_version=&#8221;4.16&#8243; _module_preset=&#8221;default&#8221; custom_padding=&#8221;10px||10px||true|false&#8221; global_colors_info=&#8221;{}&#8221;][\/et_pb_divider][et_pb_text admin_label=&#8221;Conacul Serghiescu&#8221; _builder_version=&#8221;4.16&#8243; width=&#8221;99.4%&#8221; module_alignment=&#8221;center&#8221; custom_padding=&#8221;|||0px||&#8221; global_colors_info=&#8221;{}&#8221;]<\/p>\n<p><strong>We are Dana and Vlad,<\/strong> always in love with nature, outdoor sports and travel, and after many years spent in advertising and designing dozens of corporate events, we decided to make a twist and organize laid-back, soulful parties for those who value an experience like no other.<\/p>\n<p>We do enjoy the little things like a slice of freshly baked bread with homemade jam, the summer scents and each flower we plant.<\/p>\n<p>We appreciate that those who visit us feel the good vibes on site, which is exactly what made us fall in love with this estate in the first place.<\/p>\n<p>[\/et_pb_text][et_pb_button button_url=&#8221;\/en\/contact\/&#8221; button_text=&#8221;If you would like to visit us, click here&#8221; button_alignment=&#8221;left&#8221; _builder_version=&#8221;4.16&#8243; _module_preset=&#8221;default&#8221; custom_margin=&#8221;20px|0px|0px|0px|false|true&#8221; custom_padding=&#8221;0px|0px|0px|0px|true|true&#8221; global_colors_info=&#8221;{}&#8221;][\/et_pb_button][et_pb_button button_url=&#8221;\/en\/events\/&#8221; button_text=&#8221;Find out more about our outdoor events&#8221; button_alignment=&#8221;left&#8221; _builder_version=&#8221;4.16&#8243; _module_preset=&#8221;default&#8221; custom_margin=&#8221;20px|0px|0px|0px|false|true&#8221; custom_padding=&#8221;0px|0px|0px|0px|true|true&#8221; global_colors_info=&#8221;{}&#8221;][\/et_pb_button][\/et_pb_column][et_pb_column type=&#8221;1_2&#8243; _builder_version=&#8221;4.16&#8243; background_position=&#8221;top_left&#8221; custom_padding=&#8221;|||&#8221; global_colors_info=&#8221;{}&#8221; custom_padding__hover=&#8221;|||&#8221;][et_pb_image src=&#8221;https:\/\/conaculserghiescu.ro\/wp-content\/uploads\/2022\/03\/ei-doi.jpg&#8221; title_text=&#8221;ei-doi&#8221; _builder_version=&#8221;4.16&#8243; _module_preset=&#8221;default&#8221; global_colors_info=&#8221;{}&#8221;][\/et_pb_image][\/et_pb_column][\/et_pb_row][\/et_pb_section][et_pb_section fb_built=&#8221;1&#8243; _builder_version=&#8221;4.16&#8243; _module_preset=&#8221;default&#8221; custom_margin=&#8221;45px|||||&#8221; global_colors_info=&#8221;{}&#8221;][et_pb_row _builder_version=&#8221;4.16&#8243; _module_preset=&#8221;default&#8221; global_colors_info=&#8221;{}&#8221;][et_pb_column type=&#8221;4_4&#8243; _builder_version=&#8221;4.16&#8243; _module_preset=&#8221;default&#8221; global_colors_info=&#8221;{}&#8221;][et_pb_text admin_label=&#8221;Pentru evenimentele tale&#8221; _builder_version=&#8221;4.16&#8243; text_orientation=&#8221;center&#8221; module_alignment=&#8221;center&#8221; border_style=&#8221;solid&#8221; global_colors_info=&#8221;{}&#8221;]<\/p>\n<h2>For all your events<\/h2>\n<p>[\/et_pb_text][\/et_pb_column][\/et_pb_row][et_pb_row column_structure=&#8221;1_5,1_5,1_5,1_5,1_5&#8243; _builder_version=&#8221;4.16&#8243; _module_preset=&#8221;default&#8221; width=&#8221;90%&#8221; max_width=&#8221;100%&#8221; global_colors_info=&#8221;{}&#8221;][et_pb_column type=&#8221;1_5&#8243; _builder_version=&#8221;4.16&#8243; _module_preset=&#8221;default&#8221; global_colors_info=&#8221;{}&#8221;][et_pb_blurb title=&#8221;Weddings &#8221; url=&#8221;\/en\/events\/weddings\/&#8221; image=&#8221;https:\/\/conaculserghiescu.ro\/wp-content\/uploads\/2022\/03\/nunti24.jpg&#8221; _builder_version=&#8221;4.16&#8243; _module_preset=&#8221;default&#8221; header_level=&#8221;h3&#8243; header_text_align=&#8221;center&#8221; box_shadow_style_image=&#8221;preset1&#8243; global_colors_info=&#8221;{}&#8221;][\/et_pb_blurb][\/et_pb_column][et_pb_column type=&#8221;1_5&#8243; _builder_version=&#8221;4.16&#8243; _module_preset=&#8221;default&#8221; global_colors_info=&#8221;{}&#8221;][et_pb_blurb title=&#8221;Baptisms&#8221; url=&#8221;\/en\/events\/baptism\/&#8221; image=&#8221;https:\/\/conaculserghiescu.ro\/wp-content\/uploads\/2022\/03\/botez38.jpg&#8221; _builder_version=&#8221;4.16&#8243; _module_preset=&#8221;default&#8221; header_level=&#8221;h3&#8243; header_text_align=&#8221;center&#8221; box_shadow_style_image=&#8221;preset1&#8243; global_colors_info=&#8221;{}&#8221;][\/et_pb_blurb][\/et_pb_column][et_pb_column type=&#8221;1_5&#8243; _builder_version=&#8221;4.16&#8243; _module_preset=&#8221;default&#8221; global_colors_info=&#8221;{}&#8221;][et_pb_blurb title=&#8221;Corporate&#8221; url=&#8221;\/en\/events\/corporate\/&#8221; image=&#8221;https:\/\/conaculserghiescu.ro\/wp-content\/uploads\/2022\/03\/corp14.jpg&#8221; _builder_version=&#8221;4.16&#8243; _module_preset=&#8221;default&#8221; header_level=&#8221;h3&#8243; header_text_align=&#8221;center&#8221; box_shadow_style_image=&#8221;preset1&#8243; global_colors_info=&#8221;{}&#8221;][\/et_pb_blurb][\/et_pb_column][et_pb_column type=&#8221;1_5&#8243; _builder_version=&#8221;4.16&#8243; _module_preset=&#8221;default&#8221; global_colors_info=&#8221;{}&#8221;][et_pb_blurb title=&#8221;Parties&#8221; url=&#8221;\/en\/events\/parties\/&#8221; image=&#8221;https:\/\/conaculserghiescu.ro\/wp-content\/uploads\/2022\/03\/botez19.jpg&#8221; _builder_version=&#8221;4.16&#8243; _module_preset=&#8221;default&#8221; header_level=&#8221;h3&#8243; header_text_align=&#8221;center&#8221; box_shadow_style_image=&#8221;preset1&#8243; global_colors_info=&#8221;{}&#8221;][\/et_pb_blurb][\/et_pb_column][et_pb_column type=&#8221;1_5&#8243; _builder_version=&#8221;4.16&#8243; _module_preset=&#8221;default&#8221; global_colors_info=&#8221;{}&#8221;][et_pb_blurb title=&#8221;Photo sessions&#8221; url=&#8221;\/en\/events\/photography-sessions\/&#8221; image=&#8221;https:\/\/conaculserghiescu.ro\/wp-content\/uploads\/2022\/03\/sesiuni14.jpg&#8221; _builder_version=&#8221;4.16&#8243; _module_preset=&#8221;default&#8221; header_level=&#8221;h3&#8243; header_text_align=&#8221;center&#8221; box_shadow_style_image=&#8221;preset1&#8243; global_colors_info=&#8221;{}&#8221;][\/et_pb_blurb][\/et_pb_column][\/et_pb_row][\/et_pb_section][et_pb_section fb_built=&#8221;1&#8243; _builder_version=&#8221;4.16&#8243; width=&#8221;100%&#8221; custom_padding=&#8221;||13px|||&#8221; global_colors_info=&#8221;{}&#8221;][et_pb_row _builder_version=&#8221;4.16&#8243; background_size=&#8221;initial&#8221; background_position=&#8221;top_left&#8221; background_repeat=&#8221;repeat&#8221; global_colors_info=&#8221;{}&#8221;][et_pb_column type=&#8221;4_4&#8243; _builder_version=&#8221;4.16&#8243; custom_padding=&#8221;|||&#8221; global_colors_info=&#8221;{}&#8221; custom_padding__hover=&#8221;|||&#8221;][et_pb_slider show_pagination=&#8221;off&#8221; _builder_version=&#8221;4.16&#8243; _module_preset=&#8221;default&#8221; body_text_color=&#8221;#666666&#8243; body_font_size=&#8221;15px&#8221; custom_padding=&#8221;0px||7px|||&#8221; auto=&#8221;on&#8221; global_colors_info=&#8221;{}&#8221;][et_pb_slide admin_title=&#8221;Victori\u0163a Axinescu&#8221; _builder_version=&#8221;4.16&#8243; _module_preset=&#8221;default&#8221; background_color=&#8221;#FFFFFF&#8221; background_enable_color=&#8221;on&#8221; background_layout=&#8221;light&#8221; global_colors_info=&#8221;{}&#8221; sticky_transition=&#8221;on&#8221;]It was a joy for me to get to know you and plan this wedding at your place. You are genuine hosts and have a natural way of helping, it is clear you put your soul in what you do, which is not small thing. Georgiana, Darko and me appreciated how you stayed with us until the end of the party and provided us with all your resources for the wedding. I am sure you do it faithfully, but for us it was a pleasant surprise. And this also made it easier for me.<\/p>\n<p style=\"text-align: center;\">Victori\u0163a Axinescu \u2013 wedding planner<\/p>\n<p>[\/et_pb_slide][et_pb_slide admin_title=&#8221;Mihaela&#8221; _builder_version=&#8221;4.16&#8243; _module_preset=&#8221;default&#8221; background_color=&#8221;#FFFFFF&#8221; background_enable_color=&#8221;on&#8221; background_layout=&#8221;light&#8221; global_colors_info=&#8221;{}&#8221; sticky_transition=&#8221;on&#8221;]We organized our little boy\u2019s baptism party at Conacul Serghiescu and everything turned out wonderful due to Dana and Vlad. Besides the magic place, one major thing that count was their support with anything we needed \u2013 including Dana\u2019s help, that actually took over the work of an event planner (that we didn\u2019t have).<br \/>\nDana and Vlad are amazing people and choosing their place for this event was the best decision we could make.<br \/>\nAt Conacul Serghiescu they bring a different concept in terms of designing events and maybe this is the opportunity that will help us all get rid of the ballrooms\u2019 trend and invigorate the outdoor green laid-back celebrations.<br \/>\nWe wish you good luck and congrats for all you have accomplished! Your commitment resides in every detail.<br \/>\n<span>Mihaela<\/span><\/p>\n<p>[\/et_pb_slide][et_pb_slide admin_title=&#8221;Elena&#8221; _builder_version=&#8221;4.16&#8243; _module_preset=&#8221;default&#8221; background_color=&#8221;#FFFFFF&#8221; background_enable_color=&#8221;on&#8221; background_layout=&#8221;light&#8221; global_colors_info=&#8221;{}&#8221; sticky_transition=&#8221;on&#8221;]Just 30 minutes from Bucharest, an oasis of peace and joy where I always return with pleasure. The air here is better, the sun is sweeter, the wine is richer and the people are more beautiful! <\/p>\n<p style=\"text-align: center;\">Elena<\/p>\n<p>[\/et_pb_slide][et_pb_slide admin_title=&#8221;Ela&#8221; _builder_version=&#8221;4.16&#8243; _module_preset=&#8221;default&#8221; background_color=&#8221;#FFFFFF&#8221; background_enable_color=&#8221;on&#8221; background_layout=&#8221;light&#8221; global_colors_info=&#8221;{}&#8221; sticky_transition=&#8221;on&#8221;]<\/p>\n<p>We wanted to thank you very much for hosting us and for all the help provided with the planning and the wedding day. We are so glad we celebrated at the manor, it was different and an even more beautiful that we could imagine! Hope to see you again on other occasions!<\/p>\n<p style=\"text-align: center;\">Ela &amp; Mihai<\/p>\n<p>[\/et_pb_slide][et_pb_slide admin_title=&#8221;Andrada&#8221; _builder_version=&#8221;4.16&#8243; _module_preset=&#8221;default&#8221; background_color=&#8221;#FFFFFF&#8221; background_enable_color=&#8221;on&#8221; background_layout=&#8221;light&#8221; global_colors_info=&#8221;{}&#8221; sticky_transition=&#8221;on&#8221;]<\/p>\n<p style=\"text-align: center;\">&#8220;I&#8217;m a wedding planner, so I always keep an eye on what&#8217;s new as a venue. I was already researching ideas for my friends&#8217; small &#8220;wedding&#8221; party (quotes are there because it was not literally a wedding as you would imagine one, but more of a friends and family get-together weekend). At a point I realised this could be the perfect place for them, so we went there, saw it and&#8230;pretty much that was it. I hope to get back, everything was purrfect, we really enjoyed it as guests, so I imagine future clients would too.&#8221;<\/p>\n<p style=\"text-align: center;\">Andrada SAS<\/p>\n<p>[\/et_pb_slide][et_pb_slide admin_title=&#8221;Bogdan&#8221; _builder_version=&#8221;4.16&#8243; _module_preset=&#8221;default&#8221; background_color=&#8221;#FFFFFF&#8221; background_enable_color=&#8221;on&#8221; background_layout=&#8221;light&#8221; global_colors_info=&#8221;{}&#8221; sticky_transition=&#8221;on&#8221;]<\/p>\n<p style=\"text-align: center;\">&#8220;Eh bien, c est un endroit \u00e0 part, un oasis de tranquillit\u00e9 et de verdure ou on peut faire des fetes jusqu a tr\u00e8s tard vu la distance par rapport aux voisins. On a pu mettre la musique a max le soir sans avoir de reproches de la part des (\u00e9loign\u00e9s) voisins!! En journ\u00e9e on a pu profiter d&#8217;un moment chill out combin\u00e9 au barbecue servi par le proprio en personne qui \u00e9tait aux petits soins pour nous. L&#8217;endroit a garde une ambiance d&#8217;antan avec une petite touche de modernit\u00e9. On etait une 30aine et quelques uns ont amen\u00e9 des tentes pour dormir sur la pelouse!! je recommande, excellent souvenir.&#8221;<\/p>\n<p style=\"text-align: center;\">\u00a0Bogdan<\/p>\n<p>[\/et_pb_slide][\/et_pb_slider][\/et_pb_column][\/et_pb_row][\/et_pb_section]<\/p>\n","protected":false},"excerpt":{"rendered":"<p>E\u015fti \u00een locul potrivit dac\u0103 \u00ee\u0163i dore\u015fti o nunt\u0103 \u00een aer liber, ca o vacan\u0163\u0103, un botez \u00een gr\u0103din\u0103 sau pur \u015fi simplu o petrecere relaxat\u0103, \u00een conexiune cu natura bogat\u0103.<\/p>\n","protected":false},"author":5,"featured_media":5052,"parent":0,"menu_order":0,"comment_status":"closed","ping_status":"closed","template":"","meta":{"_et_pb_use_builder":"on","_et_pb_old_content":"","_et_gb_content_width":"","footnotes":""},"class_list":["post-366","page","type-page","status-publish","has-post-thumbnail","hentry"],"_links":{"self":[{"href":"https:\/\/conaculserghiescu.ro\/en\/wp-json\/wp\/v2\/pages\/366","targetHints":{"allow":["GET"]}}],"collection":[{"href":"https:\/\/conaculserghiescu.ro\/en\/wp-json\/wp\/v2\/pages"}],"about":[{"href":"https:\/\/conaculserghiescu.ro\/en\/wp-json\/wp\/v2\/types\/page"}],"author":[{"embeddable":true,"href":"https:\/\/conaculserghiescu.ro\/en\/wp-json\/wp\/v2\/users\/5"}],"replies":[{"embeddable":true,"href":"https:\/\/conaculserghiescu.ro\/en\/wp-json\/wp\/v2\/comments?post=366"}],"version-history":[{"count":16,"href":"https:\/\/conaculserghiescu.ro\/en\/wp-json\/wp\/v2\/pages\/366\/revisions"}],"predecessor-version":[{"id":4313,"href":"https:\/\/conaculserghiescu.ro\/en\/wp-json\/wp\/v2\/pages\/366\/revisions\/4313"}],"wp:featuredmedia":[{"embeddable":true,"href":"https:\/\/conaculserghiescu.ro\/en\/wp-json\/wp\/v2\/media\/5052"}],"wp:attachment":[{"href":"https:\/\/conaculserghiescu.ro\/en\/wp-json\/wp\/v2\/media?parent=366"}],"curies":[{"name":"wp","href":"https:\/\/api.w.org\/{rel}","templated":true}]}}