{"id":4140,"date":"2018-05-15T15:54:50","date_gmt":"2018-05-15T15:54:50","guid":{"rendered":"https:\/\/conaculserghiescu.ro\/politica-de-confidentialitate\/"},"modified":"2022-03-09T15:53:19","modified_gmt":"2022-03-09T15:53:19","slug":"privacy-policy","status":"publish","type":"page","link":"https:\/\/conaculserghiescu.ro\/en\/privacy-policy\/","title":{"rendered":"Privacy policy"},"content":{"rendered":"<p class=\"p1\">\n<p class=\"p1\"><span class=\"s1\"><b>1.Protec\u021bia datelor tale<\/b><\/span><\/p>\n<p class=\"p3\"><span class=\"s1\">Scopul nostru, \u00een ce prive\u0219te social media, este unul educa\u021bional, iar noile reguli de protec\u021bie a datelor cu caracter personal (GDPR) fac parte din acest context. Prin urmare, \u00ee\u021bi promitem c\u0103 siguran\u021ba datelor tale este o prioritate pentru noi \u0219i c\u0103 folosim aceste date pentru unicul scop de a-\u021bi oferi o experien\u021b\u0103 personalizat\u0103 at\u00e2t pe site-ul nostru, c\u00e2t \u0219i pe platformele online pe care ne promov\u0103m serviciile (Facebook, Instagram \u0219i Google).<\/span><\/p>\n<p class=\"p1\"><span class=\"s1\"><b>2.Cum folosim datele tale<\/b><\/span><\/p>\n<p class=\"p3\"><span class=\"s1\">Folosim datele tale doar dac\u0103 avem acordul t\u0103u, \u00een mai multe feluri, \u00een func\u021bie de natura lor, astfel:<\/span><\/p>\n<p class=\"p3\"><span class=\"s1\"><i>Adresa de email<\/i><\/span><\/p>\n<p class=\"p3\"><span class=\"s1\">\u00cen cazul \u00een care ne-ai furnizat adresa ta de email, o vom folosi pentru a-\u021bi trimite emailuri de informare cu privire la ofertele noastre sau la articolele \u0219i resursele pe care le public\u0103m periodic pe acest site;<\/span><\/p>\n<p class=\"p3\"><span class=\"s1\"><i>Numele \u0219i Prenumele<\/i><\/span><\/p>\n<p class=\"p3\"><span class=\"s1\">\u00cen cazul \u00een care ne-ai furnizat Numele \u0219i Prenumele t\u0103u, folosim aceste date pentru a personaliza email-urile pe care le prime\u0219ti de la noi. Dac\u0103 este cazul, folosim aceste date pentru a \u00eencheia contractul pentru serviciile pe care le oferim, cu tine sau cu reprezentantul firmei;<\/span><\/p>\n<p class=\"p3\"><span class=\"s1\"><i>Func\u021bia profesional\u0103<\/i><\/span><\/p>\n<p class=\"p3\"><span class=\"s1\">\u00cen cazul \u00een care ne-ai furnizat Func\u021bia Profesional\u0103, folosim aceste date pentru a personaliza email-urile pe care le prime\u0219ti de la noi;<\/span><\/p>\n<p class=\"p3\"><span class=\"s1\"><i>Num\u0103rul de telefon<\/i><\/span><\/p>\n<p class=\"p3\"><span class=\"s1\">\u00cen cazul \u00een care ne-ai furnizat Num\u0103rul de Telefon, folosim aceste date pentru a te putea contacta rapid, \u00een cazul \u00een care avem contract cu tine \/ ne-ai contactat pentru oferte, \u00een scopul inform\u0103rii cu privire la stabilirea detaliilor necesare desf\u0103\u0219ur\u0103rii contractului \/ la informa\u021biile cerute de tine pentru viitoarea colaborare contractual\u0103;<\/span><\/p>\n<p class=\"p3\"><span class=\"s1\"><i>Numele companiei<\/i><\/span><\/p>\n<p class=\"p3\"><span class=\"s1\">\u00cen cazul \u00een care ne-ai furnizat numele companiei pentru care lucrezi sau pe care o administrezi, folosim aceste date pentru a \u00eencheia contractul care stabile\u0219te serviciile furnizate \u0219i participarea persoanelor implicate la obiectul contractului;<\/span><\/p>\n<p class=\"p3\"><span class=\"s1\"><i>Datele de facturare<\/i><\/span><\/p>\n<p class=\"p3\"><span class=\"s1\">\u00cen cazul \u00een care ne-ai furnizat datele de facturare (CNP, CUI, Num\u0103rul de \u00cenregistrare la Registrul Comer\u021bului, Adresa Sediului Firmei, Contul Bancar, Numele B\u0103ncii, Numele Reprezentantului Legal, Func\u021bia Reprezentantului Legal), folosim aceste date pentru a \u00eencheia contractul pentru serviciile prestate de noi pentru tine;<\/span><\/p>\n<p class=\"p3\"><span class=\"s1\"><i>Datele despre browser\/IP\/dispozitiv<\/i><\/span><\/p>\n<p class=\"p3\"><span class=\"s1\">\u00cen cazul \u00een care ai fost de acord s\u0103 colect\u0103m detaliile despre Browser, IP, Dispozitiv, folosim aceste date pentru a determina cum folose\u0219ti site-ul nostru, scopul fiind s\u0103 facem schimb\u0103rile necesare pentru ca tu s\u0103 g\u0103se\u0219ti mai u\u0219or informa\u021biile pe care le cau\u021bi;<\/span><\/p>\n<p class=\"p3\"><span class=\"s1\"><i>Concluzie<\/i><\/span><\/p>\n<p class=\"p3\"><span class=\"s1\">Am luat toate m\u0103surile tehnice pentru ca tu s\u0103 nu fii obligat(\u0103) s\u0103 ne furnizezi niciun fel de date (totul e op\u021bional), dar e bine de \u0219tiut c\u0103 f\u0103r\u0103 ele e posibil ca anumite p\u0103r\u021bi din site s\u0103 nu func\u021bioneze corect, s\u0103 nu putem colabora, sau s\u0103 nu te putem anun\u021ba cu privire la serviciile pe care e oferim \u0219i de care ai putea fi interesat(\u0103).<\/span><\/p>\n<p class=\"p1\"><span class=\"s1\"><b>3. Partajarea datelor personale<\/b><\/span><\/p>\n<p class=\"p3\"><span class=\"s1\">Nu am v\u00e2ndut, nu vindem \u0219i nu vom vinde niciodat\u0103 datele tale c\u0103tre ter\u021be p\u0103r\u021bi. Oferim servicii care se bazeaz\u0103 pe \u00eencrederea clien\u021bilor \u0219i a poten\u021bialilor clien\u021bi, iar siguran\u021ba datelor personale este esen\u021bial\u0103 \u00een acest proces.<\/span><\/p>\n<p class=\"p3\"><span class=\"s1\">Singurele entit\u0103ti care au acces la datele utilizatorilor acestui site sunt agen\u021biile sau furnizorii cu care colabor\u0103m \u00een baza unor contracte ce con\u021bin clauze de confiden\u021bialitate, f\u0103r\u0103 de care nu ne-am putea desf\u0103\u0219ura activitatea \u0219i, \u00een cazuri excep\u021bionale \u0219i doar pe baza unor cereri oficiale, institu\u021biile publice care aplic\u0103 legea \u00een Rom\u00e2nia.<\/span><\/p>\n<p class=\"p3\"><span class=\"s1\">Singurele date despre utilizatorii acestui site, la care ter\u021be p\u0103r\u021bi au acces, sunt agregate \u0219i anonimizate \u2013 pe baza c\u0103rora utilizatorii nu pot fi identifica\u021bi.<\/span><\/p>\n<p class=\"p1\"><span class=\"s1\"><b>4.Dezabonare de la newsletter<\/b><\/span><\/p>\n<p class=\"p3\"><span class=\"s1\">Te po\u021bi dezabona de la newsletter \u00een orice moment, folosind una dintre metodele de mai jos:<\/span><\/p>\n<p class=\"p3\"><span class=\"s1\">-Prin click pe link-ul de dezabonare din orice newsletter primit deja de la noi;<\/span><\/p>\n<p class=\"p3\"><span class=\"s1\">-Prin trimiterea unui email c\u0103tre noi, \u00een care s\u0103 solici\u021bi dezabonarea.<\/span><\/p>\n<p class=\"p3\"><span class=\"s1\">\u00cen oricare dintre cele dou\u0103 situa\u021bii, ne vom asigura c\u0103 nu vei mai primi mesajele noastre de marketing prin email. Orice solicitare \u00een acest sens va fi rezolvat\u0103 \u00een maxim 48h de la primire.<\/span><\/p>\n<p class=\"p1\"><span class=\"s1\"><b>5.Contactarea prin publicitate online<\/b><\/span><\/p>\n<p class=\"p3\"><span class=\"s1\">Desf\u0103\u0219ur\u0103m campanii de publicitate online pentru a te informa despre ofertele noastre \u0219i\/sau despre articolele publicate pe acest site.<\/span><\/p>\n<p class=\"p3\"><span class=\"s1\">\u00cen acest context folosim Facebook, Instagram \u0219i Google\/DoubleClick, precum \u0219i mai multe tehnici de adresare a utilizatorilor \u00een cadrul campaniilor \u2013<span class=\"Apple-converted-space\">&nbsp; <\/span>pe baza datelor demografice (sex, v\u00e2rst\u0103, repartizare geografic\u0103, proximitate) sau<span class=\"Apple-converted-space\">&nbsp; <\/span>a intereselor \u2013 aceste informa\u021bii fiind puse la dispozi\u021bia noastr\u0103 de c\u0103tre re\u021belele amintite mai sus.<\/span><\/p>\n<p class=\"p3\"><span class=\"s1\">De multe ori, reclamele noastre pe care le vezi pe alte site-uri sunt afi\u0219ate pe baza informatiilor pe care noi le avem despre tine (spre exemplu, c\u00e2nd vizitezi una din paginile noastre vei fi adresat apoi, pe re\u021belele de socializare men\u021bionate mai sus, cu reclam\u0103 la ofertele noastre sau la informa\u021biile pe care le public\u0103m).<\/span><\/p>\n<p class=\"p1\"><span class=\"s1\"><b>6.Drepturile tale cu privire la colectarea datelor tale personale<\/b><\/span><\/p>\n<p class=\"p3\"><span class=\"s1\">Iat\u0103 care sunt drepturile tale \u00een contextul colect\u0103rii \u0219i prelucr\u0103rii datelor:<\/span><\/p>\n<p class=\"p3\"><span class=\"s1\">-Dreptul de a fi informat cu privire la cum sunt colectat \u0219i folosite datele tale;<\/span><\/p>\n<p class=\"p3\"><span class=\"s1\">-Dreptul de a accesa datele pe care le avem despre tine;<\/span><\/p>\n<p class=\"p3\"><span class=\"s1\">-Dreptul de a cere rectificarea datelor pe care le avem despre tine;<\/span><\/p>\n<p class=\"p3\"><span class=\"s1\">-Dreptul de a solicita \u0219tergerea datelor pe care le avem despre tine;<\/span><\/p>\n<p class=\"p3\"><span class=\"s1\">-Dreptul de a solicita oprirea trimiterii de mesaje de marketing c\u0103tre tine;<\/span><\/p>\n<p class=\"p3\"><span class=\"s1\">-Dreptul de a solicita trimiterea datelor tale personale c\u0103tre tine sau c\u0103tre un alt operator;<\/span><\/p>\n<p class=\"p3\"><span class=\"s1\">-Dreptul de a depune o pl\u00e2ngere, cu referire la folosirea datelor tale, c\u0103tre organele abilitate.<\/span><\/p>\n<p class=\"p3\"><span class=\"s1\">Drepturile de mai sus nu sunt absolute \u0219i exist\u0103 excep\u021bii. Pentru orice \u00eentreb\u0103ri \u00een acest context te rug\u0103m s\u0103 ne trimi\u021bi un email la <a href=\"mailto:rezervari@conaculserghiescu.ro\"><span class=\"s2\">rezervari@conaculserghiescu.ro<\/span><\/a><\/span><\/p>\n<p class=\"p1\"><span class=\"s1\"><b>7.Folosirea cookie-urilor<\/b><\/span><\/p>\n<p class=\"p3\"><span class=\"s1\">Pe acest site folosim cookie-uri. Pentru mai multe informa\u021bii despre cookie-uri te rug\u0103m s\u0103 <a href=\"https:\/\/conaculserghiescu.ro\/politica-cookies\/\">accesezi pagina dedicat\u0103<\/a>, unde le vei g\u0103si grupate pe categorii.<\/span><\/p>\n<p class=\"p3\"><span class=\"s1\">De asemenea, cu un click pe butonul de mai jos \u00eeti po\u021bi revizui acordul oferit pe acest site pentru acceptarea cookie-urilor.<\/span><\/p>\n<p><!-- OneTrust Cookies Settings button start --><\/p>\n<p><a class=\"optanon-show-settings\">Cookie Settings<\/a><\/p>\n<p><!-- OneTrust Cookies Settings button end --><\/p>\n<p class=\"p1\"><span class=\"s1\"><b>8.Cum ne contactezi<\/b><\/span><\/p>\n<p class=\"p3\"><span class=\"s1\">\u00cen cazul \u00een care \u00eeti putem oferi orice fel de informa\u021bii cu privire la ofertele \u0219i serviciile noastre, sau la felul \u00een care colect\u0103m \u0219i utiliz\u0103m datele tale personale, te rug\u0103m s\u0103 ne trimi\u021bi un email din pagina de contact.<\/span><\/p>\n<p class=\"p3\"><span class=\"s1\">Noile reglement\u0103ri legate de protec\u021bia datelor tale au fost publicate pe site-ul oficial \u00eenc\u0103 de pe 24 mai 2018. Prin urmare, recomandarea noastr\u0103 e s\u0103 iei m\u0103surile necesare atunci c\u00e2nd ai motive s\u0103 crezi c\u0103 reglement\u0103rile sunt \u00eenc\u0103lcate, pe orice site pe care \u00eel accesezi.<\/span><\/p>\n","protected":false},"excerpt":{"rendered":"<p>1.Protec\u021bia datelor tale Scopul nostru, \u00een ce prive\u0219te social media, este unul educa\u021bional, iar noile reguli de protec\u021bie a datelor cu caracter personal (GDPR) fac parte din acest context. Prin urmare, \u00ee\u021bi promitem c\u0103 siguran\u021ba datelor tale este o prioritate pentru noi \u0219i c\u0103 folosim aceste date pentru unicul scop de a-\u021bi oferi o experien\u021b\u0103 [&hellip;]<\/p>\n","protected":false},"author":5,"featured_media":0,"parent":0,"menu_order":0,"comment_status":"closed","ping_status":"closed","template":"","meta":{"_et_pb_use_builder":"on","_et_pb_old_content":"","_et_gb_content_width":"","footnotes":""},"class_list":["post-4140","page","type-page","status-publish","hentry"],"_links":{"self":[{"href":"https:\/\/conaculserghiescu.ro\/en\/wp-json\/wp\/v2\/pages\/4140","targetHints":{"allow":["GET"]}}],"collection":[{"href":"https:\/\/conaculserghiescu.ro\/en\/wp-json\/wp\/v2\/pages"}],"about":[{"href":"https:\/\/conaculserghiescu.ro\/en\/wp-json\/wp\/v2\/types\/page"}],"author":[{"embeddable":true,"href":"https:\/\/conaculserghiescu.ro\/en\/wp-json\/wp\/v2\/users\/5"}],"replies":[{"embeddable":true,"href":"https:\/\/conaculserghiescu.ro\/en\/wp-json\/wp\/v2\/comments?post=4140"}],"version-history":[{"count":1,"href":"https:\/\/conaculserghiescu.ro\/en\/wp-json\/wp\/v2\/pages\/4140\/revisions"}],"predecessor-version":[{"id":4141,"href":"https:\/\/conaculserghiescu.ro\/en\/wp-json\/wp\/v2\/pages\/4140\/revisions\/4141"}],"wp:attachment":[{"href":"https:\/\/conaculserghiescu.ro\/en\/wp-json\/wp\/v2\/media?parent=4140"}],"curies":[{"name":"wp","href":"https:\/\/api.w.org\/{rel}","templated":true}]}}